{"id":129,"date":"2024-06-11T20:30:01","date_gmt":"2024-06-11T20:30:01","guid":{"rendered":"https:\/\/festivitas.space\/ship\/?page_id=129"},"modified":"2024-06-11T20:31:42","modified_gmt":"2024-06-11T20:31:42","slug":"zukunftsvogel","status":"publish","type":"page","link":"https:\/\/festivitas.space\/ship\/zukunftsvogel\/","title":{"rendered":"zukunftsvogel"},"content":{"rendered":"<div class=\"wpb-content-wrapper\"><p>[vc_row][vc_column][vc_empty_space][\/vc_column][\/vc_row][vc_row][vc_column width=&#8220;2\/12&#8243;][\/vc_column][vc_column width=&#8220;8\/12&#8243;][vc_column_text]<\/p>\n<h1 style=\"text-align: center;\"><span class=\"y2\">Zukunftsvogel<\/span><\/h1>\n<p>[\/vc_column_text][vc_empty_space height=&#8220;62px&#8220;][\/vc_column][vc_column width=&#8220;2\/12&#8243;][\/vc_column][\/vc_row][vc_row][vc_column width=&#8220;2\/12&#8243;][\/vc_column][vc_column width=&#8220;6\/12&#8243;][vc_column_text]Ein Zukunftsvogel ist ein Wesen, welches eine tiefe Intuition in sich tr\u00e4gt und ein inneres \u00abZiehen\u00bb in neue Gefilde sp\u00fcrt. Ein Zukunftsvogel ist nicht orientierungslos, hat aber auch keinen Schritt-f\u00fcr-Schritt-Reiseplan, den er ausf\u00fchrt. Dieses Wesen versteht auch, dass es sich lohnt, Mitv\u00f6gel zu finden und mit diesen in sozialen Murmurationen zu tanzen, bevor es gemeinsam losgeht. Mal wird gef\u00fchrt, mal gefolgt, es ist nicht so klar. Auf jeden Fall entsteht auch etwas Gemeinsames.[\/vc_column_text][\/vc_column][vc_column width=&#8220;4\/12&#8243;][\/vc_column][\/vc_row][vc_row][vc_column width=&#8220;4\/12&#8243;][\/vc_column][vc_column width=&#8220;5\/12&#8243;][vc_empty_space][vc_single_image image=&#8220;15&#8243; img_size=&#8220;full&#8220;][vc_empty_space height=&#8220;62px&#8220;][\/vc_column][vc_column width=&#8220;3\/12&#8243;][\/vc_column][\/vc_row]<\/p>\n<\/div>","protected":false},"excerpt":{"rendered":"<p>[vc_row][vc_column][vc_empty_space][\/vc_column][\/vc_row][vc_row][vc_column width=&#8220;2\/12&#8243;][\/vc_column][vc_column width=&#8220;8\/12&#8243;][vc_column_text] Zukunftsvogel [\/vc_column_text][vc_empty_space height=&#8220;62px&#8220;][\/vc_column][vc_column width=&#8220;2\/12&#8243;][\/vc_column][\/vc_row][vc_row][vc_column width=&#8220;2\/12&#8243;][\/vc_column][vc_column width=&#8220;6\/12&#8243;][vc_column_text]Ein Zukunftsvogel ist ein Wesen, welches eine tiefe Intuition in sich tr\u00e4gt und ein inneres \u00abZiehen\u00bb in neue Gefilde sp\u00fcrt. Ein Zukunftsvogel ist nicht orientierungslos, hat aber auch keinen Schritt-f\u00fcr-Schritt-Reiseplan, den er ausf\u00fchrt. Dieses Wesen versteht auch, dass es sich lohnt, Mitv\u00f6gel zu finden und mit diesen&hellip;<\/p>\n","protected":false},"author":1,"featured_media":36,"parent":0,"menu_order":0,"comment_status":"closed","ping_status":"closed","template":"","meta":{"_acf_changed":false,"footnotes":""},"class_list":["post-129","page","type-page","status-publish","has-post-thumbnail","hentry"],"acf":[],"_links":{"self":[{"href":"https:\/\/festivitas.space\/ship\/wp-json\/wp\/v2\/pages\/129","targetHints":{"allow":["GET"]}}],"collection":[{"href":"https:\/\/festivitas.space\/ship\/wp-json\/wp\/v2\/pages"}],"about":[{"href":"https:\/\/festivitas.space\/ship\/wp-json\/wp\/v2\/types\/page"}],"author":[{"embeddable":true,"href":"https:\/\/festivitas.space\/ship\/wp-json\/wp\/v2\/users\/1"}],"replies":[{"embeddable":true,"href":"https:\/\/festivitas.space\/ship\/wp-json\/wp\/v2\/comments?post=129"}],"version-history":[{"count":2,"href":"https:\/\/festivitas.space\/ship\/wp-json\/wp\/v2\/pages\/129\/revisions"}],"predecessor-version":[{"id":133,"href":"https:\/\/festivitas.space\/ship\/wp-json\/wp\/v2\/pages\/129\/revisions\/133"}],"wp:featuredmedia":[{"embeddable":true,"href":"https:\/\/festivitas.space\/ship\/wp-json\/wp\/v2\/media\/36"}],"wp:attachment":[{"href":"https:\/\/festivitas.space\/ship\/wp-json\/wp\/v2\/media?parent=129"}],"curies":[{"name":"wp","href":"https:\/\/api.w.org\/{rel}","templated":true}]}}