{"id":162,"date":"2024-06-13T10:52:44","date_gmt":"2024-06-13T10:52:44","guid":{"rendered":"https:\/\/festivitas.space\/ship\/?page_id=162"},"modified":"2024-06-13T10:54:11","modified_gmt":"2024-06-13T10:54:11","slug":"synersphaere","status":"publish","type":"page","link":"https:\/\/festivitas.space\/ship\/synersphaere\/","title":{"rendered":"synersph\u00e4re"},"content":{"rendered":"<div class=\"wpb-content-wrapper\"><p>[vc_row][vc_column][vc_empty_space][\/vc_column][\/vc_row][vc_row][vc_column width=&#8220;2\/12&#8243;][\/vc_column][vc_column width=&#8220;8\/12&#8243;][vc_column_text]<\/p>\n<h1 style=\"text-align: center;\"><span class=\"y1\">Synersph\u00e4re<\/span><\/h1>\n<p>[\/vc_column_text][vc_empty_space height=&#8220;62px&#8220;][\/vc_column][vc_column width=&#8220;2\/12&#8243;][\/vc_column][\/vc_row][vc_row][vc_column width=&#8220;1\/12&#8243;][\/vc_column][vc_column width=&#8220;5\/12&#8243;][vc_column_text]Das Wort \u00abSynersph\u00e4re\u00bb ist eine Weiterentwicklung des Verst\u00e4ndnisses von \u00abPlattform\u00bb und f\u00fcr uns gleichzeitig auch Programm. Entstanden ist die Idee als direktes Learning aus dem 2291 Festival (Bern), dem mini-Zuekunft Festival (Lichtensteig) und dem Changemakerfestival (Bern) vom Jahr 2023, die wir besucht und teilweise auch stark mit gestaltet haben. Wir merkten: es braucht nebst diesen gr\u00f6sseren Anl\u00e4ssen auch kleinere, regelm\u00e4ssigere und lokalere Anl\u00e4sse, welche die wandelkulturellen Samen pflegen und entwickeln.[\/vc_column_text][vc_column_text]Eine Synersph\u00e4re ist ein kreativer Ort, an dem nicht nur diskutiert, sondern aktiv an einer Kultur der Abundanz, der Peripherien, des Lustigen und Schwierigen, des Miteinanders, des Vertrauens, der Kreativit\u00e4t, der Offenheit, des Wohlwollens, des Embodiments etc. gearbeitet wird.[\/vc_column_text][\/vc_column][vc_column width=&#8220;5\/12&#8243;][vc_empty_space][vc_single_image image=&#8220;8&#8243; img_size=&#8220;full&#8220;][vc_empty_space][\/vc_column][vc_column width=&#8220;1\/12&#8243;][\/vc_column][\/vc_row][vc_row][vc_column width=&#8220;2\/12&#8243;][\/vc_column][vc_column width=&#8220;6\/12&#8243;][vc_column_text]#systemicCollaborations<br \/>\n#transdisciplinarity<br \/>\n#regenerativeCommunities<br \/>\n#regenerativeCultures[\/vc_column_text][vc_empty_space][\/vc_column][vc_column width=&#8220;4\/12&#8243;][\/vc_column][\/vc_row][vc_row][vc_column][vc_column_text]<\/p>\n<p>[\/vc_column_text][\/vc_column][\/vc_row]<\/p>\n<\/div>","protected":false},"excerpt":{"rendered":"<p>[vc_row][vc_column][vc_empty_space][\/vc_column][\/vc_row][vc_row][vc_column width=&#8220;2\/12&#8243;][\/vc_column][vc_column width=&#8220;8\/12&#8243;][vc_column_text] Synersph\u00e4re [\/vc_column_text][vc_empty_space height=&#8220;62px&#8220;][\/vc_column][vc_column width=&#8220;2\/12&#8243;][\/vc_column][\/vc_row][vc_row][vc_column width=&#8220;1\/12&#8243;][\/vc_column][vc_column width=&#8220;5\/12&#8243;][vc_column_text]Das Wort \u00abSynersph\u00e4re\u00bb ist eine Weiterentwicklung des Verst\u00e4ndnisses von \u00abPlattform\u00bb und f\u00fcr uns gleichzeitig auch Programm. Entstanden ist die Idee als direktes Learning aus dem 2291 Festival (Bern), dem mini-Zuekunft Festival (Lichtensteig) und dem Changemakerfestival (Bern) vom Jahr 2023, die wir besucht und teilweise auch stark mit&hellip;<\/p>\n","protected":false},"author":1,"featured_media":160,"parent":0,"menu_order":0,"comment_status":"closed","ping_status":"closed","template":"","meta":{"_acf_changed":false,"footnotes":""},"class_list":["post-162","page","type-page","status-publish","has-post-thumbnail","hentry"],"acf":[],"_links":{"self":[{"href":"https:\/\/festivitas.space\/ship\/wp-json\/wp\/v2\/pages\/162","targetHints":{"allow":["GET"]}}],"collection":[{"href":"https:\/\/festivitas.space\/ship\/wp-json\/wp\/v2\/pages"}],"about":[{"href":"https:\/\/festivitas.space\/ship\/wp-json\/wp\/v2\/types\/page"}],"author":[{"embeddable":true,"href":"https:\/\/festivitas.space\/ship\/wp-json\/wp\/v2\/users\/1"}],"replies":[{"embeddable":true,"href":"https:\/\/festivitas.space\/ship\/wp-json\/wp\/v2\/comments?post=162"}],"version-history":[{"count":3,"href":"https:\/\/festivitas.space\/ship\/wp-json\/wp\/v2\/pages\/162\/revisions"}],"predecessor-version":[{"id":166,"href":"https:\/\/festivitas.space\/ship\/wp-json\/wp\/v2\/pages\/162\/revisions\/166"}],"wp:featuredmedia":[{"embeddable":true,"href":"https:\/\/festivitas.space\/ship\/wp-json\/wp\/v2\/media\/160"}],"wp:attachment":[{"href":"https:\/\/festivitas.space\/ship\/wp-json\/wp\/v2\/media?parent=162"}],"curies":[{"name":"wp","href":"https:\/\/api.w.org\/{rel}","templated":true}]}}