{"id":175,"date":"2024-06-13T11:10:21","date_gmt":"2024-06-13T11:10:21","guid":{"rendered":"https:\/\/festivitas.space\/ship\/?page_id=175"},"modified":"2024-06-13T11:48:42","modified_gmt":"2024-06-13T11:48:42","slug":"emer-gramm","status":"publish","type":"page","link":"https:\/\/festivitas.space\/ship\/emer-gramm\/","title":{"rendered":"emergramm"},"content":{"rendered":"<div class=\"wpb-content-wrapper\"><p>[vc_row][vc_column][vc_empty_space][\/vc_column][\/vc_row][vc_row][vc_column width=&#8220;2\/12&#8243;][\/vc_column][vc_column width=&#8220;8\/12&#8243;][vc_column_text]<\/p>\n<h1 style=\"text-align: center;\"><span class=\"y1\">Emergramm<\/span><\/h1>\n<p>[\/vc_column_text][vc_empty_space height=&#8220;62px&#8220;][\/vc_column][vc_column width=&#8220;2\/12&#8243;][\/vc_column][\/vc_row][vc_row][vc_column width=&#8220;6\/12&#8243;][vc_empty_space][vc_single_image image=&#8220;177&#8243; img_size=&#8220;full&#8220;][vc_row_inner][vc_column_inner width=&#8220;1\/6&#8243;][\/vc_column_inner][vc_column_inner width=&#8220;5\/6&#8243;][vc_column_text]Emergramm \u2013 ein Spiel von Emergenz und Vorgegebenem[\/vc_column_text][vc_empty_space][\/vc_column_inner][\/vc_row_inner][\/vc_column][vc_column width=&#8220;5\/12&#8243;][vc_column_text]Wir arbeiten in einer Mischung aus kuratiertem Container und selbsorganisierten Beitr\u00e4gen aus den Reihen der Teilnehmenden (im Playa-\/Open Space-Stil). Wir sind keine geschlossene Community, sondern wer auch immer Resonanz versp\u00fcrt, kann sich bei uns melden und einen Beitrag einbringen. Deshalb sprechen wir von EMER.GRAMM und nicht von Programm.[\/vc_column_text][vc_column_text]Woher kommt das Wort \u00abProgramm\u00bb? Im Wesentlichen bedeutete Programm im alten Griechenland das Vorgegebene\/Vorgeschriebene. Sp\u00e4ter wurde der Begriff im Lateinischen als \u00abprogramma\u00bb f\u00fcr \u00f6ffentliche Erlasse benutzt. Wenn C\u00e4sar neue Regeln festlegte oder neue Entscheidungen traf, wurden diese den Menschen als neues \u00abProgramm\u00bb mitgeteilt.[\/vc_column_text][vc_column_text]Ein \u00abEmergramm\u00bb legt Wert darauf, dass das \u00abProgramm\u00bb von den Teilnehmenden wie den Einladenden in Co-Kreation entsteht und gef\u00fcllt wird, anstatt von einem kaiserlichen Kurator:innen-Team vorgegeben zu werden.<\/p>\n<p>H\u00e4ufig, wenn grosse Veranstaltungen stattfinden, bilden sich schnell die Rollen der C\u00e4sars und der Menschen heraus. Die C\u00e4saren sind die Organisator:innen, die glauben, ein gutes Programm liefern zu m\u00fcssen, das den Erwartungen des Publikums bzw. den Teilnehmer:innen entspricht. Die Menschen, die an der Veranstaltung teilnehmen, verhalten sich wie Konsumenten, die Unterhaltung und F\u00fchrung erwarten. Der C\u00e4sar steht unter Druck und die Menschen sind passiv. Und dieser Film spielt sich auch bei vielen eigentlich partizipativ angedachten Anl\u00e4ssen ab.<\/p>\n<p>Wir versuchen es \u00abtrue bottom-up\u00bb. Wir sind an Augenh\u00f6he interessiert. Wir wollen gute Rahmenbedingungen schaffen, \u00abcarefully crafted Containers\u00bb, aber auch den Raum offen lassen f\u00fcr die guten Ideen, das Wissen und die Beitr\u00e4ge der Menschen selbst. Die Teilnehmer:innen bringen sich ein und teilen die Verantwortung daf\u00fcr, dass die Veranstaltung gut verl\u00e4uft. Dies erm\u00f6glicht uns wiederum, den Druck loszulassen, einen perfekten Plan zu haben, der allen gerecht wird.[\/vc_column_text][vc_empty_space][\/vc_column][vc_column width=&#8220;1\/12&#8243;][\/vc_column][\/vc_row]<\/p>\n<\/div>","protected":false},"excerpt":{"rendered":"<p>[vc_row][vc_column][vc_empty_space][\/vc_column][\/vc_row][vc_row][vc_column width=&#8220;2\/12&#8243;][\/vc_column][vc_column width=&#8220;8\/12&#8243;][vc_column_text] Emergramm [\/vc_column_text][vc_empty_space height=&#8220;62px&#8220;][\/vc_column][vc_column width=&#8220;2\/12&#8243;][\/vc_column][\/vc_row][vc_row][vc_column width=&#8220;6\/12&#8243;][vc_empty_space][vc_single_image image=&#8220;177&#8243; img_size=&#8220;full&#8220;][vc_row_inner][vc_column_inner width=&#8220;1\/6&#8243;][\/vc_column_inner][vc_column_inner width=&#8220;5\/6&#8243;][vc_column_text]Emergramm \u2013 ein Spiel von Emergenz und Vorgegebenem[\/vc_column_text][vc_empty_space][\/vc_column_inner][\/vc_row_inner][\/vc_column][vc_column width=&#8220;5\/12&#8243;][vc_column_text]Wir arbeiten in einer Mischung aus kuratiertem Container und selbsorganisierten Beitr\u00e4gen aus den Reihen der Teilnehmenden (im Playa-\/Open Space-Stil). Wir sind keine geschlossene Community, sondern wer auch immer Resonanz versp\u00fcrt, kann sich bei uns melden und&hellip;<\/p>\n","protected":false},"author":1,"featured_media":177,"parent":0,"menu_order":0,"comment_status":"closed","ping_status":"closed","template":"","meta":{"_acf_changed":false,"footnotes":""},"class_list":["post-175","page","type-page","status-publish","has-post-thumbnail","hentry"],"acf":[],"_links":{"self":[{"href":"https:\/\/festivitas.space\/ship\/wp-json\/wp\/v2\/pages\/175","targetHints":{"allow":["GET"]}}],"collection":[{"href":"https:\/\/festivitas.space\/ship\/wp-json\/wp\/v2\/pages"}],"about":[{"href":"https:\/\/festivitas.space\/ship\/wp-json\/wp\/v2\/types\/page"}],"author":[{"embeddable":true,"href":"https:\/\/festivitas.space\/ship\/wp-json\/wp\/v2\/users\/1"}],"replies":[{"embeddable":true,"href":"https:\/\/festivitas.space\/ship\/wp-json\/wp\/v2\/comments?post=175"}],"version-history":[{"count":5,"href":"https:\/\/festivitas.space\/ship\/wp-json\/wp\/v2\/pages\/175\/revisions"}],"predecessor-version":[{"id":185,"href":"https:\/\/festivitas.space\/ship\/wp-json\/wp\/v2\/pages\/175\/revisions\/185"}],"wp:featuredmedia":[{"embeddable":true,"href":"https:\/\/festivitas.space\/ship\/wp-json\/wp\/v2\/media\/177"}],"wp:attachment":[{"href":"https:\/\/festivitas.space\/ship\/wp-json\/wp\/v2\/media?parent=175"}],"curies":[{"name":"wp","href":"https:\/\/api.w.org\/{rel}","templated":true}]}}