{"id":29,"date":"2024-02-25T12:09:26","date_gmt":"2024-02-25T12:09:26","guid":{"rendered":"https:\/\/festivitas.space\/ship\/?page_id=29"},"modified":"2024-06-11T20:27:09","modified_gmt":"2024-06-11T20:27:09","slug":"agora","status":"publish","type":"page","link":"https:\/\/festivitas.space\/ship\/agora\/","title":{"rendered":"agora"},"content":{"rendered":"<div class=\"wpb-content-wrapper\"><p>[vc_row][vc_column][vc_empty_space][\/vc_column][\/vc_row][vc_row][vc_column width=&#8220;2\/12&#8243;][\/vc_column][vc_column width=&#8220;8\/12&#8243;][vc_column_text]<\/p>\n<h1 style=\"text-align: center;\"><span class=\"y1\">Agora<\/span><\/h1>\n<p>[\/vc_column_text][vc_empty_space height=&#8220;62px&#8220;][\/vc_column][vc_column width=&#8220;2\/12&#8243;][\/vc_column][\/vc_row][vc_row][vc_column width=&#8220;1\/12&#8243;][\/vc_column][vc_column width=&#8220;4\/12&#8243;][vc_empty_space][vc_single_image image=&#8220;36&#8243; img_size=&#8220;full&#8220;][vc_empty_space][\/vc_column][vc_column width=&#8220;5\/12&#8243;][vc_column_text]Die Agora war im antiken Griechenland der zentrale politische, juristische, soziale, \u00f6konomische und kreative \u00abVersammlungs-Raum\u00bb und diente somit sowohl als Fest-, Markt- und Verhandlungsplatz. Sie war also nicht ein abgeschottener Raum in einem repr\u00e4sentativen Regierungsgeb\u00e4ude, sondern ein permeabler Raum f\u00fcr Viele &amp; Vieles.[\/vc_column_text][vc_column_text]Eine Synersph\u00e4re ist ein Wortspiel aus Synergien und Atmosph\u00e4re. Es ist ein neues Wort, das das Wort \u00abPlattform\u00bb ersetzen soll. Als Synersph\u00e4re geht es eben nicht um ein spezifisches Format oder einen Inhalt, sondern um eine Atmosph\u00e4re, also etwas, das man sp\u00fcrt. Auch ist es nicht \u00abplatt\u00bb wie \u00abPlattform\u00bb sondern mind. 3-dimensional als Sph\u00e4re. Als Raum ist eine Synersph\u00e4re ein Ort zur synergetischen Potentialentfaltung.[\/vc_column_text][\/vc_column][vc_column width=&#8220;2\/12&#8243;][\/vc_column][\/vc_row][vc_row][vc_column width=&#8220;2\/12&#8243;][\/vc_column][vc_column width=&#8220;6\/12&#8243;][vc_column_text]Praktisch soll dieser experimentelle Raum irgendwann eine Bekanntheit haben, in der Menschen &amp; Organisationen, die an einen Punkt kommen, wo sie merken \u00abAch, jetzt w\u00e4re es gut, mit Peers und Interessierten in den Austausch zu kommen und zu co-kreieren\u00bb sich nicht fragen, wie sie das tun sollen, sondern nachschauen, wann und wo denn die n\u00e4chste Agora stattfindet. Ganz unkompliziert kann man dort beitragen und das erhalten, was einem f\u00fcr den n\u00e4chsten Schritt dienlich ist. Die Agora dient schliesslich den Absichten und Zielen der Einzelnen und der Allgemeinheit. Sie ist kein Selbstzweck. Das muss erreicht werden. Daf\u00fcr braucht es auch die Selbstverantwortung der Einzelnen.[\/vc_column_text][vc_column_text]Wie wir dorthin kommen? Einen Schritt, eine Iteration und ein Lernprozess nach dem anderen. [\/vc_column_text][vc_column_text]Wir freuen uns mega \u00fcber dein Interesse. Sch\u00f6n, wenn du dich auf diesen Prozess einlassen und dazu beitragen magst, was sich f\u00fcr dich f\u00fcr den Moment stimmig anf\u00fchlt. Vielen Dank![\/vc_column_text][vc_empty_space][\/vc_column][vc_column width=&#8220;4\/12&#8243;][\/vc_column][\/vc_row][vc_row][vc_column][vc_column_text]<\/p>\n<p>[\/vc_column_text][\/vc_column][\/vc_row]<\/p>\n<\/div>","protected":false},"excerpt":{"rendered":"<p>[vc_row][vc_column][vc_empty_space][\/vc_column][\/vc_row][vc_row][vc_column width=&#8220;2\/12&#8243;][\/vc_column][vc_column width=&#8220;8\/12&#8243;][vc_column_text] Agora [\/vc_column_text][vc_empty_space height=&#8220;62px&#8220;][\/vc_column][vc_column width=&#8220;2\/12&#8243;][\/vc_column][\/vc_row][vc_row][vc_column width=&#8220;1\/12&#8243;][\/vc_column][vc_column width=&#8220;4\/12&#8243;][vc_empty_space][vc_single_image image=&#8220;36&#8243; img_size=&#8220;full&#8220;][vc_empty_space][\/vc_column][vc_column width=&#8220;5\/12&#8243;][vc_column_text]Die Agora war im antiken Griechenland der zentrale politische, juristische, soziale, \u00f6konomische und kreative \u00abVersammlungs-Raum\u00bb und diente somit sowohl als Fest-, Markt- und Verhandlungsplatz. Sie war also nicht ein abgeschottener Raum in einem repr\u00e4sentativen Regierungsgeb\u00e4ude, sondern ein permeabler Raum f\u00fcr Viele &amp; Vieles.[\/vc_column_text][vc_column_text]Eine Synersph\u00e4re&hellip;<\/p>\n","protected":false},"author":1,"featured_media":36,"parent":0,"menu_order":0,"comment_status":"closed","ping_status":"closed","template":"","meta":{"_acf_changed":false,"footnotes":""},"class_list":["post-29","page","type-page","status-publish","has-post-thumbnail","hentry"],"acf":[],"_links":{"self":[{"href":"https:\/\/festivitas.space\/ship\/wp-json\/wp\/v2\/pages\/29","targetHints":{"allow":["GET"]}}],"collection":[{"href":"https:\/\/festivitas.space\/ship\/wp-json\/wp\/v2\/pages"}],"about":[{"href":"https:\/\/festivitas.space\/ship\/wp-json\/wp\/v2\/types\/page"}],"author":[{"embeddable":true,"href":"https:\/\/festivitas.space\/ship\/wp-json\/wp\/v2\/users\/1"}],"replies":[{"embeddable":true,"href":"https:\/\/festivitas.space\/ship\/wp-json\/wp\/v2\/comments?post=29"}],"version-history":[{"count":11,"href":"https:\/\/festivitas.space\/ship\/wp-json\/wp\/v2\/pages\/29\/revisions"}],"predecessor-version":[{"id":130,"href":"https:\/\/festivitas.space\/ship\/wp-json\/wp\/v2\/pages\/29\/revisions\/130"}],"wp:featuredmedia":[{"embeddable":true,"href":"https:\/\/festivitas.space\/ship\/wp-json\/wp\/v2\/media\/36"}],"wp:attachment":[{"href":"https:\/\/festivitas.space\/ship\/wp-json\/wp\/v2\/media?parent=29"}],"curies":[{"name":"wp","href":"https:\/\/api.w.org\/{rel}","templated":true}]}}