{"id":745,"date":"2025-12-14T12:59:39","date_gmt":"2025-12-14T12:59:39","guid":{"rendered":"https:\/\/festivitas.space\/ship\/?page_id=745"},"modified":"2026-03-28T08:04:02","modified_gmt":"2026-03-28T08:04:02","slug":"agora-4","status":"publish","type":"page","link":"https:\/\/festivitas.space\/ship\/agora-4\/","title":{"rendered":"agora der zukunftsv\u00f6gel"},"content":{"rendered":"<div class=\"wpb-content-wrapper\"><p>[vc_row][vc_column][vc_empty_space][\/vc_column][\/vc_row][vc_row][vc_column width=&#8220;2\/12&#8243;][\/vc_column][vc_column width=&#8220;8\/12&#8243;][vc_column_text css=&#8220;&#8220;]<\/p>\n<h1 style=\"text-align: center;\"><span class=\"y0\">Zwischenraum<\/span><br \/>\n<span class=\"y2\">in Wind<\/span><br \/>\n<span class=\"y3\">und Wandel<\/span><\/h1>\n<p>[\/vc_column_text][vc_empty_space height=&#8220;92px&#8220;][\/vc_column][vc_column width=&#8220;2\/12&#8243;][\/vc_column][\/vc_row][vc_row][vc_column width=&#8220;1\/12&#8243;][\/vc_column][vc_column width=&#8220;6\/12&#8243;][vc_row_inner][vc_column_inner width=&#8220;1\/4&#8243;][\/vc_column_inner][vc_column_inner width=&#8220;3\/4&#8243;][vc_column_text css=&#8220;&#8220;]<\/p>\n<h3>Agorita f\u00fcr Zukunftsv\u00f6gel<\/h3>\n<p>Auffahrtsweekend<br \/>\nDonnerstag \u2013 Sonntag<br \/>\n14.\u201317. Mai 2026<br \/>\n<a href=\"https:\/\/dasideenhaus.ch\/\" target=\"_blank\" rel=\"noopener\">Das Ideenhaus Seelisberg<\/a>[\/vc_column_text][\/vc_column_inner][\/vc_row_inner][vc_row_inner][vc_column_inner][vc_single_image image=&#8220;1067&#8243; img_size=&#8220;full&#8220; css=&#8220;.vc_custom_1774685036265{margin-right: 10px !important;margin-bottom: 35px !important;padding-right: 10px !important;padding-bottom: 35px !important;}&#8220;][vc_empty_space][\/vc_column_inner][\/vc_row_inner][vc_row_inner][vc_column_inner width=&#8220;1\/6&#8243;][\/vc_column_inner][vc_column_inner width=&#8220;2\/3&#8243;][vc_column_text css=&#8220;&#8220;][\/vc_column_text][vc_empty_space height=&#8220;12px&#8220;][\/vc_column_inner][vc_column_inner width=&#8220;1\/6&#8243;][\/vc_column_inner][\/vc_row_inner][\/vc_column][vc_column width=&#8220;4\/12&#8243;][vc_empty_space height=&#8220;112px&#8220;][vc_column_text css=&#8220;.vc_custom_1774683250132{margin-right: 10px !important;padding-right: 10px !important;}&#8220;]Es ist Fr\u00fchling. Zeit, die Schubladen rauszunehmen und zu entr\u00fcmpeln. Oder gleich ganz zu entsorgen. Insbesondere die \u00fcberholten und verstaubten Denkschubladen.<\/p>\n<p>Das Jahr 2026? Das Jahr an dem (fast) keine Schublade an Gelenk und Schraube bleibt. Gewissheiten? Landen wie die Strukturen, die mal unsere Kleidung trugen, in Einzelteile zerlegt auf dem Strassenmarkt der Gunst der Stunde. Es ist gewiss: Die Zeit der Zukunftsv\u00f6gel bricht an. Wuselig schnell passen wir uns den sich verschiebenden Toposph\u00e4ren unserer Zeit an.[\/vc_column_text][vc_empty_space height=&#8220;12px&#8220;][vc_column_text css=&#8220;.vc_custom_1774683187998{margin-right: 10px !important;padding-right: 10px !important;}&#8220;]Was n\u00e4hrt zu aktueller Stunde das Zukunftsvogel-Herz?<\/p>\n<p>Wir vermuten: Die Klaviatur des Wohltuenden\u2026<\/p>\n<p>&#8230; von Feuer und Sternen gew\u00e4rmte Mitternachtsgespr\u00e4che<br \/>\n&#8230; die Nase im Wind mythischer Vorzeiten<br \/>\n&#8230; aus der N\u00e4he zum R\u00fctli transportierter Rebellenmut<br \/>\n&#8230; radikalste Zuversicht im Wissen, dass selbst Berge von Zeit zu Zeit st\u00fcrzen<br \/>\n&#8230; Zeit \u2013 gopfridli und einfach nochmal Zeit \u2013 um aus der gebaumelten Seele heraus zu denken[\/vc_column_text][vc_empty_space height=&#8220;12px&#8220;][vc_column_text css=&#8220;.vc_custom_1774683221598{margin-right: 10px !important;padding-right: 10px !important;}&#8220;]Vier Tage im suspended space: before, after and beyond timelines, projects, agendas.<\/p>\n<p>Kein Programm, das sich aufdr\u00e4ngt. Kein Thema, das zwingt. Stattdessen: den F\u00e4den folgen, den Spinnen und Bienen gleichsam, die gerade Verkn\u00fcpfungen weben und Ideen best\u00e4uben. Gespr\u00e4che, die woanders nicht stattfinden. Kochen, Schweigen, Denken, Tanzen, Erfinden \u2013 wie&#8217;s halt grad kommt.[\/vc_column_text][\/vc_column][vc_column width=&#8220;1\/12&#8243;][\/vc_column][\/vc_row][vc_row][vc_column width=&#8220;4\/12&#8243;][\/vc_column][vc_column width=&#8220;4\/12&#8243;][vc_empty_space][vc_column_text css=&#8220;.vc_custom_1774683137182{margin-right: 10px !important;padding-right: 10px !important;}&#8220;]<i>Hier findest du noch mehr Infos zur <a href=\"https:\/\/festivitas.space\/ship\/agora\/\">Idee\u00a0der\u00a0Agora<\/a> sowie das <a href=\"https:\/\/festivitas.space\/ship\/blog\/\">Nachhallen zu fr\u00fcheren Veranstaltungen<\/a>.<\/i>[\/vc_column_text][\/vc_column][vc_column width=&#8220;3\/12&#8243;][\/vc_column][vc_column width=&#8220;1\/12&#8243;][\/vc_column][\/vc_row][vc_row][vc_column][vc_empty_space height=&#8220;62px&#8220;][\/vc_column][\/vc_row]<\/p>\n<\/div>","protected":false},"excerpt":{"rendered":"<p>[vc_row][vc_column][vc_empty_space][\/vc_column][\/vc_row][vc_row][vc_column width=&#8220;2\/12&#8243;][\/vc_column][vc_column width=&#8220;8\/12&#8243;][vc_column_text css=&#8220;&#8220;] Zwischenraum in Wind und Wandel [\/vc_column_text][vc_empty_space height=&#8220;92px&#8220;][\/vc_column][vc_column width=&#8220;2\/12&#8243;][\/vc_column][\/vc_row][vc_row][vc_column width=&#8220;1\/12&#8243;][\/vc_column][vc_column width=&#8220;6\/12&#8243;][vc_row_inner][vc_column_inner width=&#8220;1\/4&#8243;][\/vc_column_inner][vc_column_inner width=&#8220;3\/4&#8243;][vc_column_text css=&#8220;&#8220;] Agorita f\u00fcr Zukunftsv\u00f6gel Auffahrtsweekend Donnerstag \u2013 Sonntag 14.\u201317. Mai 2026 Das Ideenhaus Seelisberg[\/vc_column_text][\/vc_column_inner][\/vc_row_inner][vc_row_inner][vc_column_inner][vc_single_image image=&#8220;1067&#8243; img_size=&#8220;full&#8220; css=&#8220;.vc_custom_1774685036265{margin-right: 10px !important;margin-bottom: 35px !important;padding-right: 10px !important;padding-bottom: 35px !important;}&#8220;][vc_empty_space][\/vc_column_inner][\/vc_row_inner][vc_row_inner][vc_column_inner width=&#8220;1\/6&#8243;][\/vc_column_inner][vc_column_inner width=&#8220;2\/3&#8243;][vc_column_text css=&#8220;&#8220;][\/vc_column_text][vc_empty_space height=&#8220;12px&#8220;][\/vc_column_inner][vc_column_inner width=&#8220;1\/6&#8243;][\/vc_column_inner][\/vc_row_inner][\/vc_column][vc_column width=&#8220;4\/12&#8243;][vc_empty_space height=&#8220;112px&#8220;][vc_column_text css=&#8220;.vc_custom_1774683250132{margin-right: 10px !important;padding-right: 10px !important;}&#8220;]Es ist Fr\u00fchling.&hellip;<\/p>\n","protected":false},"author":1,"featured_media":1064,"parent":0,"menu_order":0,"comment_status":"closed","ping_status":"closed","template":"","meta":{"_acf_changed":false,"footnotes":""},"class_list":["post-745","page","type-page","status-publish","has-post-thumbnail","hentry"],"acf":[],"_links":{"self":[{"href":"https:\/\/festivitas.space\/ship\/wp-json\/wp\/v2\/pages\/745","targetHints":{"allow":["GET"]}}],"collection":[{"href":"https:\/\/festivitas.space\/ship\/wp-json\/wp\/v2\/pages"}],"about":[{"href":"https:\/\/festivitas.space\/ship\/wp-json\/wp\/v2\/types\/page"}],"author":[{"embeddable":true,"href":"https:\/\/festivitas.space\/ship\/wp-json\/wp\/v2\/users\/1"}],"replies":[{"embeddable":true,"href":"https:\/\/festivitas.space\/ship\/wp-json\/wp\/v2\/comments?post=745"}],"version-history":[{"count":40,"href":"https:\/\/festivitas.space\/ship\/wp-json\/wp\/v2\/pages\/745\/revisions"}],"predecessor-version":[{"id":1069,"href":"https:\/\/festivitas.space\/ship\/wp-json\/wp\/v2\/pages\/745\/revisions\/1069"}],"wp:featuredmedia":[{"embeddable":true,"href":"https:\/\/festivitas.space\/ship\/wp-json\/wp\/v2\/media\/1064"}],"wp:attachment":[{"href":"https:\/\/festivitas.space\/ship\/wp-json\/wp\/v2\/media?parent=745"}],"curies":[{"name":"wp","href":"https:\/\/api.w.org\/{rel}","templated":true}]}}