{"id":761,"date":"2025-12-15T16:26:26","date_gmt":"2025-12-15T16:26:26","guid":{"rendered":"https:\/\/festivitas.space\/ship\/?page_id=761"},"modified":"2026-01-30T16:33:08","modified_gmt":"2026-01-30T16:33:08","slug":"mini-zuekunft-next","status":"publish","type":"page","link":"https:\/\/festivitas.space\/ship\/mini-zuekunft-next\/","title":{"rendered":"mini.zuekunft festival"},"content":{"rendered":"<div class=\"wpb-content-wrapper\"><p>[vc_row][vc_column][vc_empty_space][\/vc_column][\/vc_row][vc_row][vc_column width=&#8220;2\/12&#8243;][\/vc_column][vc_column width=&#8220;8\/12&#8243;][vc_column_text css=&#8220;&#8220;]<\/p>\n<h1 style=\"text-align: center;\"><span class=\"y1\">Ein Labor f\u00fcr<\/span><br \/>\n<span class=\"y2\">Zukunftsgef\u00fchle<\/span><\/h1>\n<p>[\/vc_column_text][vc_empty_space height=&#8220;92px&#8220;][\/vc_column][vc_column width=&#8220;2\/12&#8243;][\/vc_column][\/vc_row][vc_row][vc_column width=&#8220;2\/12&#8243;][\/vc_column][vc_column width=&#8220;5\/12&#8243;][\/vc_column][vc_column width=&#8220;4\/12&#8243;][\/vc_column][vc_column width=&#8220;1\/12&#8243;][\/vc_column][\/vc_row][vc_row][vc_column width=&#8220;1\/12&#8243;][\/vc_column][vc_column width=&#8220;6\/12&#8243;][vc_single_image image=&#8220;488&#8243; img_size=&#8220;full&#8220; css=&#8220;&#8220;][vc_row_inner][vc_column_inner width=&#8220;2\/12&#8243;][\/vc_column_inner][vc_column_inner width=&#8220;9\/12&#8243;][vc_column_text css=&#8220;&#8220;]<\/p>\n<h3>mini.Zuekunft Festival<br \/>\nLichtensteig SG<\/h3>\n<p>[\/vc_column_text][vc_column_text css=&#8220;.vc_custom_1765817104110{margin-right: 10px !important;padding-right: 10px !important;}&#8220;]Das mini.Zuekunft Festival ist ein co-kreatives Labor f\u00fcr Zukunftsgef\u00fchle, bei dem sich Demokratie, Kunst, Zivilgesellschaft und Wissenschaft treffen. Als Menschen und Organisationen, welche von Zukunft betroffen sind, ver[H\/W]andeln wir gemeinsam unsere Zukunft \u00fcber drei Tage!<\/p>\n<p>In lebendigen Formaten geht es nicht um eine \u00abZukunft da draussen\u00bb, sondern um die unsere \u2013 deine \u2013 meine. Oder eben auf CH-D\u00fctsch: \u00abmini.Zuekunft\u00bb.<\/p>\n<p>Bei der n\u00e4chsten und dritten Ausgabe des Festivals wird uns das Thema \u00abZukunftsgef\u00fchle\u00bb begleiten. Gef\u00fchle sind der eigentliche Anfang allen Nachdenkens \u00fcber die Zukunft. Sie pr\u00e4gen die Richtung, Intensit\u00e4t und Qualit\u00e4t unseres Zukunftsdenkens und machen Zukunft sp\u00fcrbar relevant.<\/p>\n<p>Angesichts unserer multiplen Welt<em>schief<\/em>lage richtet sich das Festival an B\u00fcrger:innen, Pionier:innen, Changemaker:innen, Politiker:innen oder einfach Neugierige, die mit Zukunftsgef\u00fchlen in Begegnung und Bewegung treten m\u00f6chten.[\/vc_column_text][\/vc_column_inner][vc_column_inner width=&#8220;1\/12&#8243;][\/vc_column_inner][\/vc_row_inner][\/vc_column][vc_column width=&#8220;4\/12&#8243;][vc_empty_space height=&#8220;62px&#8220;][vc_column_text css=&#8220;&#8220;]Wegen eines Missverst\u00e4ndnisses bei den Raumbuchungen seitens der gastgebenden Organisation mussten wir das mini.Zuekunft Festival allerdings auf noch unbestimmt verschieben. Das ist sehr schade, denn die Vorbereitungen hatten gerade ihre volle Reisegeschwindigkeit erreicht. Aber ja, nun nutzen wir die Zeit, um die Programm-Edelsteine noch weiter zu schleifen.<\/p>\n<p>Abgesehen von den Daten bleiben diese Informationen vorerst aktuell:<\/p>\n<p><a href=\"https:\/\/festivitas.space\/ship\/wp-content\/uploads\/2025\/08\/mzf-2025-3pager.pdf\" target=\"_blank\" rel=\"noopener\">&gt; Info-Flyer<\/a><br \/>\n<a href=\"https:\/\/www.mini-zuekunft.space\/\" target=\"_blank\" rel=\"noopener\">&gt; Website<\/a><\/p>\n<p>Melde dich, wenn du dazu etwas beitragen m\u00f6chtest!<\/p>\n<p>Das mini.Zuekunft Festival entsteht in Zusammenarbeit mit <a href=\"https:\/\/www.zukunftbahnhof.ch\/\" target=\"_blank\" rel=\"noopener\">zukunft.bahnhof<\/a> und der <a href=\"https:\/\/www.lichtensteig.ch\/ministadt2025\" target=\"_blank\" rel=\"noopener\">Mini.Stadt Lichtensteig<\/a> und ist ein erfahrungsorientierter Resonanzraum f\u00fcr das, was die Zukunft mit uns macht. In drei Tagen \u2013 von der Fach-Un:konferenz \u00fcber zug\u00e4ngliche Experimentier- &amp; Erlebnisr\u00e4ume bis zum sanften Ausklang \u2013 entstehen lebendige Ver[H\/W]andlungsr\u00e4ume.<\/p>\n<p>Denn wir sind \u00fcberzeugt: Zukunft braucht R\u00e4ume und Gelegenheiten, in denen sich alle von Zukunft betroffenen Menschen begegnen k\u00f6nnen. Als Pionier:innen, Changemaker:innen, Politiker:innen oder einfach Neugierige \u2013 zum Austausch, zur gegenseitigen St\u00e4rkung und zur gemeinsamen Ver[H\/W]andlung m\u00f6glicher Zuk\u00fcnfte.[\/vc_column_text][\/vc_column][vc_column width=&#8220;1\/12&#8243;][\/vc_column][\/vc_row][vc_row][vc_column][vc_empty_space height=&#8220;62px&#8220;][\/vc_column][\/vc_row]<\/p>\n<\/div>","protected":false},"excerpt":{"rendered":"<p>[vc_row][vc_column][vc_empty_space][\/vc_column][\/vc_row][vc_row][vc_column width=&#8220;2\/12&#8243;][\/vc_column][vc_column width=&#8220;8\/12&#8243;][vc_column_text css=&#8220;&#8220;] Ein Labor f\u00fcr Zukunftsgef\u00fchle [\/vc_column_text][vc_empty_space height=&#8220;92px&#8220;][\/vc_column][vc_column width=&#8220;2\/12&#8243;][\/vc_column][\/vc_row][vc_row][vc_column width=&#8220;2\/12&#8243;][\/vc_column][vc_column width=&#8220;5\/12&#8243;][\/vc_column][vc_column width=&#8220;4\/12&#8243;][\/vc_column][vc_column width=&#8220;1\/12&#8243;][\/vc_column][\/vc_row][vc_row][vc_column width=&#8220;1\/12&#8243;][\/vc_column][vc_column width=&#8220;6\/12&#8243;][vc_single_image image=&#8220;488&#8243; img_size=&#8220;full&#8220; css=&#8220;&#8220;][vc_row_inner][vc_column_inner width=&#8220;2\/12&#8243;][\/vc_column_inner][vc_column_inner width=&#8220;9\/12&#8243;][vc_column_text css=&#8220;&#8220;] mini.Zuekunft Festival Lichtensteig SG [\/vc_column_text][vc_column_text css=&#8220;.vc_custom_1765817104110{margin-right: 10px !important;padding-right: 10px !important;}&#8220;]Das mini.Zuekunft Festival ist ein co-kreatives Labor f\u00fcr Zukunftsgef\u00fchle, bei dem sich Demokratie, Kunst, Zivilgesellschaft und Wissenschaft treffen. Als Menschen und Organisationen, welche&hellip;<\/p>\n","protected":false},"author":1,"featured_media":741,"parent":0,"menu_order":0,"comment_status":"closed","ping_status":"closed","template":"","meta":{"_acf_changed":false,"footnotes":""},"class_list":["post-761","page","type-page","status-publish","has-post-thumbnail","hentry"],"acf":[],"_links":{"self":[{"href":"https:\/\/festivitas.space\/ship\/wp-json\/wp\/v2\/pages\/761","targetHints":{"allow":["GET"]}}],"collection":[{"href":"https:\/\/festivitas.space\/ship\/wp-json\/wp\/v2\/pages"}],"about":[{"href":"https:\/\/festivitas.space\/ship\/wp-json\/wp\/v2\/types\/page"}],"author":[{"embeddable":true,"href":"https:\/\/festivitas.space\/ship\/wp-json\/wp\/v2\/users\/1"}],"replies":[{"embeddable":true,"href":"https:\/\/festivitas.space\/ship\/wp-json\/wp\/v2\/comments?post=761"}],"version-history":[{"count":12,"href":"https:\/\/festivitas.space\/ship\/wp-json\/wp\/v2\/pages\/761\/revisions"}],"predecessor-version":[{"id":824,"href":"https:\/\/festivitas.space\/ship\/wp-json\/wp\/v2\/pages\/761\/revisions\/824"}],"wp:featuredmedia":[{"embeddable":true,"href":"https:\/\/festivitas.space\/ship\/wp-json\/wp\/v2\/media\/741"}],"wp:attachment":[{"href":"https:\/\/festivitas.space\/ship\/wp-json\/wp\/v2\/media?parent=761"}],"curies":[{"name":"wp","href":"https:\/\/api.w.org\/{rel}","templated":true}]}}