{"id":825,"date":"2026-01-30T16:35:19","date_gmt":"2026-01-30T16:35:19","guid":{"rendered":"https:\/\/festivitas.space\/ship\/?page_id=825"},"modified":"2026-03-18T13:43:01","modified_gmt":"2026-03-18T13:43:01","slug":"spacer","status":"publish","type":"page","link":"https:\/\/festivitas.space\/ship\/spacer\/","title":{"rendered":"&#60;spacer&#62;"},"content":{"rendered":"<div class=\"wpb-content-wrapper\"><p>[vc_row][vc_column][vc_empty_space][\/vc_column][\/vc_row][vc_row][vc_column width=&#8220;2\/12&#8243;][\/vc_column][vc_column width=&#8220;8\/12&#8243;][vc_column_text css=&#8220;&#8220;]<\/p>\n<h1 style=\"text-align: center;\"><span class=\"y1\">Zur<\/span><br \/>\n<span class=\"y2\">Verdichtung<\/span><br \/>\n<span class=\"y3\">des Raums<\/span><\/h1>\n<p>[\/vc_column_text][vc_empty_space height=&#8220;42px&#8220;][\/vc_column][vc_column width=&#8220;2\/12&#8243;][\/vc_column][\/vc_row][vc_row][vc_column width=&#8220;2\/12&#8243;][\/vc_column][vc_column width=&#8220;3\/12&#8243;][vc_empty_space height=&#8220;92px&#8220;][vc_column_text css=&#8220;&#8220;]<\/p>\n<h3 style=\"text-align: center;\">&lt;spacer&gt;<\/h3>\n<p style=\"text-align: center;\">ist<br \/>\nein Platzhalter<br \/>\nein unsichtbarer Pixel<br \/>\nein Leerschlag<br \/>\nMA<br \/>\n\u9593<\/p>\n<p>[\/vc_column_text][\/vc_column][vc_column width=&#8220;7\/12&#8243;][vc_single_image image=&#8220;831&#8243; img_size=&#8220;full&#8220; css=&#8220;.vc_custom_1769818292293{margin-bottom: 10px !important;}&#8220;][\/vc_column][\/vc_row][vc_row][vc_column width=&#8220;2\/12&#8243;][\/vc_column][vc_column width=&#8220;4\/12&#8243;][vc_column_text css=&#8220;&#8220;]Und f\u00fcr uns: eine Reihe von Happenings, bei der wir Leere f\u00fcr einmal nicht als stille Pause nehmen, sondern in ein Portal verwandeln, das den \u00fcberverdichteten Alltag bewusst noch weiter verdichtet. Oder anders formuliert: im \u00fcbervollen Alltag zus\u00e4tzlichen Raum aufdehnt f\u00fcr Gedanken, Reize, Begegnungen, f\u00fcr die wir meinen, keinen Platz zu haben. Mit Impulsen aus Kunst &amp; Kultur, Politik &amp; Sozialem, Philosophie &amp; Wissenschaft, Spiritualit\u00e4t &amp; Alltag, Natur &amp; Technik, Bildung &amp; Generationen. Aus dem Tag- wie auch aus dem Nachtleben. You name it.<\/p>\n<p>Paradox?<\/p>\n<p>&lt;spacer&gt; will nicht \u00fcberfordern, sondern Hingabe erm\u00f6glichen. Will Menschen und Dinge in Kontakt bringen, die nicht zwingend zusammen passen, daf\u00fcr zusammen vielleicht was Unerwartetes emergieren. Will den Schmerzpunkt der F\u00fclle \u00fcberwinden, bis Kontrolle nachgibt und etwas Eigenes, Transformatives in Fluss kommt. Will mitten im Sturm das Auge der Ruhe finden. Gleichzeitig auch Handlungsinspiration. Als Erfahrung, als F\u00e4higkeit, als eine der m\u00f6glichen Antworten auf die Herausforderungen der Zeit. Es geht um Resilienz und um das Bewusstsein daf\u00fcr, in Momenten, wo&#8217;s drauf ankommt, kreativ zu bleiben und die weise Handlung erkennen und w\u00e4hlen zu k\u00f6nnen.[\/vc_column_text][vc_empty_space height=&#8220;62px&#8220;][\/vc_column][vc_column width=&#8220;1\/12&#8243;][\/vc_column][vc_column width=&#8220;4\/12&#8243;][vc_empty_space height=&#8220;62px&#8220;][vc_column_text css=&#8220;&#8220;]&lt;spacer&gt;<br \/>\nkomponiert<br \/>\neine soziale Skulptur,<br \/>\neinen krassen Raum,<br \/>\nein Paradies f\u00fcr synaptische Quersch\u00fcsse,<br \/>\nwo Kairos wird aus Chronos.<\/p>\n<p>&lt;spacer&gt; folgt einem parasit\u00e4ren Schnittmuster, m\u00e4andriert auf situationistisch inspirierten Stadtkarten, f\u00e4delt bestehende Perlen zu einer Verkettung gl\u00fccklicher Umst\u00e4nde.<\/p>\n<p>Du bist frei, zu kommen und zu gehen, wie es f\u00fcr dich passt. Du kannst dich auch nur f\u00fcr einen Bruchteil der Zeit einklinken.<\/p>\n<p>Fragen? Schreib uns: <a href=\"mailto:bonjour@festivitas.space\" target=\"_blank\" rel=\"noopener\">bonjour@festivitas.space<\/a>[\/vc_column_text][\/vc_column][vc_column width=&#8220;1\/12&#8243;][\/vc_column][\/vc_row][vc_row][vc_column width=&#8220;1\/4&#8243;][vc_column_text css=&#8220;&#8220;]<\/p>\n<h3>003<br \/>\nF\u00fcr Eile haben wir keine Zeit<\/h3>\n<p>Fr-So 27.-28. Februar 2026<br \/>\n14-22 Uhr<br \/>\nBiel, Z\u00fcrich + anywhere[\/vc_column_text][\/vc_column][vc_column width=&#8220;1\/4&#8243;][vc_column_text css=&#8220;.vc_custom_1772129090150{margin-bottom: 10px !important;}&#8220;]<strong>14-?? Uhr<\/strong>[\/vc_column_text][vc_column_text css=&#8220;&#8220;][\/vc_column_text][vc_column_text css=&#8220;.vc_custom_1772130364513{margin-right: 10px !important;padding-right: 10px !important;}&#8220;]<strong>Zukunftssummit<\/strong><br \/>\nWeil Zukunft nicht einfach so passiert, sondern gestaltet werden kann \u2013 und soll! \u2013 begleiten die Change-Maker:innen von \u00abstep into action\u00bb junge Menschen, Lehrpersonen und Organisationen \u00fcber mehrere Monate auf einer Reflexions- und Handlungsreise. Zur Vorbereitung des Detailprogramms des Zukunftssummits, der im Juni stattfinden wird, d\u00fcrfen wir heute bei der Co-Kreation mit jungen Community-Mitgliedern und Netzwerkpartnern dabei sein.<\/p>\n<p><b>Dispo Biel<br \/>\nDr. Schneiderstrasse 3<br \/>\n2560 Nidau<\/b><\/p>\n<p><a href=\"https:\/\/www.step-into-action.org\/zukunftssummit\" target=\"_blank\" rel=\"noopener\">&gt; step into action<\/a><br \/>\n<a href=\"https:\/\/dispo.space\/\" target=\"_blank\" rel=\"noopener\">&gt; Dispo<\/a>[\/vc_column_text][\/vc_column][vc_column width=&#8220;1\/4&#8243;][vc_column_text css=&#8220;.vc_custom_1772129102648{margin-bottom: 10px !important;}&#8220;]<strong>13-18 Uhr<\/strong>[\/vc_column_text][vc_column_text css=&#8220;&#8220;][\/vc_column_text][vc_column_text css=&#8220;.vc_custom_1772130173540{margin-right: 10px !important;padding-right: 10px !important;}&#8220;]<strong>Fluxus F\u00eate<\/strong><br \/>\nZur Feier des radikalen, spielerischen und transformativen Geistes von Fluxus gibt es Performances und Ansprachen, es werden historische und neue Fluxus-Scores aktiviert. Scores sind kurze, oft spielerische Anleitungen f\u00fcr Performances, Objekte und Situationen, die zur aktiven Teilnahme einladen statt zum passiven Betrachten.<\/p>\n<p>Mit zwei grandiosen Special Guests: <a href=\"https:\/\/www.ann-noel.com\/\" target=\"_blank\" rel=\"noopener\">Ann No\u00ebl<\/a> und <a href=\"https:\/\/en.wikipedia.org\/wiki\/Ken_Friedman\" target=\"_blank\" rel=\"noopener\">Ken Friedman<\/a><\/p>\n<p><strong>Cabaret Voltaire<br \/>\nSpiegelgasse 1<br \/>\n8001 Z\u00fcrich<\/strong><\/p>\n<p><a href=\"https:\/\/activatingfluxus.com\/fluxus-gram-event-exhibition-program\/\" target=\"_blank\" rel=\"noopener\">&gt; FLUXUS.GRAM<\/a><br \/>\n<a href=\"https:\/\/www.cabaretvoltaire.ch\/#node-128220-de\" target=\"_blank\" rel=\"noopener\">&gt; Cabaret Voltaire<\/a>[\/vc_column_text][\/vc_column][vc_column width=&#8220;1\/4&#8243;][vc_column_text css=&#8220;.vc_custom_1772131547994{margin-bottom: 10px !important;}&#8220;]<strong>12-19.30 Uhr<\/strong>[\/vc_column_text][vc_column_text css=&#8220;&#8220;][\/vc_column_text][vc_column_text css=&#8220;.vc_custom_1772132245525{margin-right: 10px !important;padding-right: 10px !important;}&#8220;]<strong>Sonic Matter Festival<\/strong><br \/>\n12-16h \u2013 Die Label Lounge ist ein Ort, der das Lauschen in gem\u00fctlicher Atmosph\u00e4re zelebriert. Mit <a href=\"https:\/\/ous.ooo\/\" target=\"_blank\" rel=\"noopener\">_ous<\/a> und dem <a href=\"https:\/\/syriancassettearchives.org\/\" target=\"_blank\" rel=\"noopener\">Syrian Cassette Archive<\/a>.<\/p>\n<p><strong>Wide Open Books<\/strong><br \/>\n14-18h \u2013 Schm\u00f6kern in der psychedelischen Referenzbibliothek von <a href=\"https:\/\/www.gaiamedia.org\/\" target=\"_blank\" rel=\"noopener\">Gaiamedia<\/a><\/p>\n<p><strong>Kunstraum Walcheturm<\/strong><br \/>\n<strong>Kanonengasse 20<\/strong><br \/>\n<strong>8004 Z\u00fcrich<\/strong><\/p>\n<p><strong>Sonic Matter Festival<\/strong><br \/>\n18-19.30h \u2013 In einer der \u00abwundersch\u00f6nsten N\u00e4chte\u00bb erweckt die Gruppe <a href=\"https:\/\/loveandrevenge.com\/\" target=\"_blank\" rel=\"noopener\">Love &amp; Revenge<\/a> arabische Popgeschichte und \u00e4gyptische Filmarchive zu neuem Leben.<\/p>\n<p><strong>Rote Fabrik<br \/>\nSeestrasse 395<br \/>\n8038 Z\u00fcrich<\/strong><\/p>\n<p><a href=\"https:\/\/www.sonicmatter.ch\/kalender\/sonic-matter\/label-lounge-exhibition-4\" target=\"_blank\" rel=\"noopener\">&gt; Tickets Label Lounge<\/a><br \/>\n<a href=\"https:\/\/www.sonicmatter.ch\/kalender\/sonic-matter\/agmal-layali-die-wunderschoensten-naechte\" target=\"_blank\" rel=\"noopener\">&gt; Tickets Konzert<\/a>[\/vc_column_text][\/vc_column][\/vc_row][vc_row][vc_column width=&#8220;1\/4&#8243;][\/vc_column][vc_column width=&#8220;1\/4&#8243;][vc_column_text css=&#8220;.vc_custom_1772129047566{margin-bottom: 10px !important;}&#8220;]<strong>Freitag, ab 18 Uhr \u2013<br \/>\nSonntagabend<\/strong>[\/vc_column_text][vc_column_text css=&#8220;&#8220;][\/vc_column_text][\/vc_column][vc_column width=&#8220;1\/4&#8243;][vc_column_text css=&#8220;.vc_custom_1772130415080{margin-right: 10px !important;padding-right: 10px !important;}&#8220;]<strong>Inbetween<\/strong><\/p>\n<p>Falls du zwischendurch ein Zeitfenster hast, in dem du irgendwo in den Dooms-Kan\u00e4len zu versinken drohst, kannst du gleich umschalten. Denn als Einstimmung auf den 10. Pioneers of Change Online Summit werden dieses Wochenende vier inspirierende Filme kostenlos zum Streamen angeboten:<\/p>\n<p><a href=\"https:\/\/weltvision.org\/aufstand-der-jugend\" target=\"_blank\" rel=\"noopener\">&gt; Aufstand der Jugend<\/a><br \/>\n<a href=\"https:\/\/www.campfire-stories.org\/imprint-avtryck\" target=\"_blank\" rel=\"noopener\">&gt; Imprint<\/a><br \/>\n<a href=\"https:\/\/reearthing.de\/\" target=\"_blank\" rel=\"noopener\">&gt; reEarth<\/a><\/p>\n<p><a href=\"https:\/\/kino.pioneersofchange.org\/\" target=\"_blank\" rel=\"noopener\">&gt; Mehr Infos und Anmeldung<\/a>[\/vc_column_text][\/vc_column][vc_column width=&#8220;1\/4&#8243;][\/vc_column][\/vc_row][vc_row][vc_column][vc_empty_space height=&#8220;62px&#8220;][\/vc_column][\/vc_row][vc_row][vc_column width=&#8220;1\/4&#8243;][vc_column_text css=&#8220;&#8220;]<\/p>\n<h3>002<br \/>\nAusdehnung der Grauzonen<\/h3>\n<p>Sa\/So 21.\/22. Februar 2026<br \/>\n14-7 Uhr<br \/>\nZ\u00fcrich[\/vc_column_text][\/vc_column][vc_column width=&#8220;1\/4&#8243;][vc_column_text css=&#8220;.vc_custom_1771019354961{margin-bottom: 10px !important;}&#8220;]<strong>14-18 Uhr<\/strong>[\/vc_column_text][vc_column_text css=&#8220;&#8220;][\/vc_column_text][vc_column_text css=&#8220;.vc_custom_1771077044172{margin-right: 10px !important;padding-right: 10px !important;}&#8220;]<strong>Violent Holes \u2013\u00a0Ann\u00e4herung an das Unaussprechliche<\/strong><br \/>\nAusstellung von Raphael Perret x Club La Fafa mit Yaqoob Attal, Ali Omar und \u2588\u2588\u2588\u2588\u2588\u2588 \u2588\u2588\u2588\u2588\u2588\u2588\u2588. Die Gewalt globaler Konflikte und Katastrophen hinterl\u00e4sst einerseits physische Narben, andererseits bei den Betroffenen Erfahrungen des Unertr\u00e4glichen und Unsagbaren.<\/p>\n<p><strong>Sozial engagierte K\u00fcnste \u2013 WARUM?<\/strong><br \/>\nWorkshop mit Lara Sutter, Nadja Baldini und Raphael Perret. Wenn wir einen Schritt in die Zukunft machen: Wie sieht sozial engagierte Kunst als Form der Teilhabe und des Wandels aus?<\/p>\n<p><strong>Galerie Kupper Modern<br \/>\nZwinglistrasse 10<br \/>\n8004 Z\u00fcrich<\/strong><\/p>\n<p><a href=\"https:\/\/eventfrog.ch\/en\/p\/art-exhibitions\/culture\/socially-engaged-art-why-finding-a-common-vision-7427272621245359664.html\" target=\"_blank\" rel=\"noopener\">&gt; Anmeldung<\/a><br \/>\n<a href=\"https:\/\/festivitas.space\/ship\/wp-content\/uploads\/2026\/02\/0212_why_how_what.pdf\" target=\"_blank\" rel=\"noopener\">&gt; Flyer zur Workshop-Reihe<\/a><br \/>\n<a href=\"https:\/\/raphaelperret.ch\/violent-holes\/\" target=\"_blank\" rel=\"noopener\">&gt; Raphael Perret, Violent Holes<\/a>[\/vc_column_text][\/vc_column][vc_column width=&#8220;1\/4&#8243;][vc_column_text css=&#8220;.vc_custom_1771010288095{margin-bottom: 10px !important;}&#8220;]<strong>18-22 Uhr<\/strong>[\/vc_column_text][vc_column_text css=&#8220;&#8220;][\/vc_column_text][vc_column_text css=&#8220;.vc_custom_1771345350772{margin-right: 10px !important;padding-right: 10px !important;}&#8220;]<strong>transitions<\/strong><br \/>\n\u00dcbergang vom Tag in die Nacht. Vom Nachdenklichen zum Losl\u00e4sslichen. Vom Kreis 4 in den Kreis 5.<\/p>\n<p><strong>the phat room<\/strong><br \/>\nTransformationstanz in Mini-Version (1 Stunde) mit Niki. Wir aktivieren unser K\u00f6rperwissen, um uns als zivilgesellschaftliche Akteur:innen zu st\u00e4rken. Bewusst tanzen wir uns in die Spannungsfelder unserer Zeit hinein, verk\u00f6rpern Polarit\u00e4ten und entwickeln neue Handlungsimpulse f\u00fcr uns selbst und die Gesellschaft.<\/p>\n<p><strong>the glitter<\/strong><br \/>\nWir st\u00e4rken uns mit feinem Essen und bretzeln uns mit Jana Kosmos f\u00fcr die Party auf.<\/p>\n<p><strong>Wohnzimmer, n\u00e4he Schaffhauserplatz<\/strong><\/p>\n<p><a href=\"mailto:bonjour@festivitas.space\" target=\"_blank\" rel=\"noopener\">&gt; Anmeldung<\/a><br \/>\n<a href=\"https:\/\/the-phat-room.love\/\" target=\"_blank\" rel=\"noopener\">&gt; the phat room<\/a>[\/vc_column_text][\/vc_column][vc_column width=&#8220;1\/4&#8243;][vc_column_text css=&#8220;.vc_custom_1771014695060{margin-bottom: 10px !important;}&#8220;]<strong>22-7 Uhr<\/strong>[\/vc_column_text][vc_column_text css=&#8220;&#8220;][\/vc_column_text][vc_column_text css=&#8220;.vc_custom_1771014459261{margin-right: 10px !important;padding-right: 10px !important;}&#8220;]<strong>Echoes from Venus \u2013 REFLECTING HORIZONS<\/strong><br \/>\nAn unserer Lieblingsparty tauchen wir in brennende Downtempo-Wellen ein, die mit blossen F\u00fcssen auf den Teppichen gesurft werden. Wir freuen uns auf offene Herzen, echte Verbindungen und grenzenlose Freude.<\/p>\n<p><strong>Line Up<\/strong><br \/>\n<a href=\"https:\/\/www.instagram.com\/mauriceettlin\/\" target=\"_blank\" rel=\"noopener\">Maurice<\/a> &amp; Rumory, Z\u00fcrich<br \/>\n<a href=\"https:\/\/soundcloud.com\/arilumusic\" target=\"_blank\" rel=\"noopener\">Arilu<\/a> \u2013 Live, Bonn<br \/>\n<a href=\"https:\/\/soundcloud.com\/mikadutsch\" target=\"_blank\" rel=\"noopener\">Mika Dutsch<\/a>, Berlin<br \/>\n<a href=\"https:\/\/soundcloud.com\/landhouse-raddantze\" target=\"_blank\" rel=\"noopener\">Landhouse &amp; Raddantze<\/a> feat. <a href=\"https:\/\/soundcloud.com\/sima-aava\" target=\"_blank\" rel=\"noopener\">Sima Aava<\/a>, Karslruhe<\/p>\n<p><strong>Katerfr\u00fchst\u00fcck<\/strong><br \/>\nNach dem Closing um 6 Uhr fr\u00fch g\u00f6nnen wir uns im Millenium Restaurant am Limmatplatz ein Riz Casimir oder so. Und vielleicht noch eine Sharing Runde.<\/p>\n<p><strong> Photobastei<br \/>\nSihlquai 125<br \/>\n8005 Z\u00fcrich <\/strong><\/p>\n<p><a href=\"https:\/\/eventfrog.ch\/de\/p\/party\/electro\/echoes-from-venus-reflecting-horizons-7414402918734905924.html\" target=\"_blank\" rel=\"noopener\">&gt; Tickets<\/a><br \/>\n<a href=\"https:\/\/echoesfromvenus.ch\/\" target=\"_blank\" rel=\"noopener\">&gt; Echoes from Venus<\/a>[\/vc_column_text][\/vc_column][\/vc_row][vc_row][vc_column][vc_empty_space height=&#8220;62px&#8220;][\/vc_column][\/vc_row][vc_row][vc_column width=&#8220;1\/4&#8243;][vc_column_text css=&#8220;&#8220;]<\/p>\n<h3>001<br \/>\nLuzides Verflechten sinnlicher Zust\u00e4nde<\/h3>\n<p>So 1. Februar 2026<br \/>\n16-22 Uhr<br \/>\nZ\u00fcrich<\/p>\n<p><a href=\"https:\/\/festivitas.space\/ship\/wp-content\/uploads\/2026\/01\/spacer.001.pdf\" target=\"_blank\" rel=\"noopener\">&gt; Flyer\/PDF (de+en)<\/a>[\/vc_column_text][\/vc_column][vc_column width=&#8220;1\/4&#8243;][vc_column_text css=&#8220;.vc_custom_1769817101835{margin-bottom: 10px !important;}&#8220;]<strong>16-17.15 Uhr<\/strong>[\/vc_column_text][vc_column_text css=&#8220;&#8220;][\/vc_column_text][vc_column_text css=&#8220;.vc_custom_1769816050522{margin-right: 10px !important;padding-right: 10px !important;}&#8220;]<strong>Tee &amp; Duft Salon<\/strong><br \/>\nFlorale Installation von D\u00e9sir\u00e9e Christina Schmid<\/p>\n<p><strong>Bewusstsein im Schlaf \u2013 ohne sich dessen bewusst zu sein<\/strong><br \/>\nVortrag von Schlaf- und Bewusstseinsforscher Dr. Benjamin Stucky (Universit\u00e4t Z\u00fcrich) mit Q&amp;A (auf Englisch)<\/p>\n<p>im Rahmen von <strong>MushRoom \u2013 Winter Edition<\/strong> im Kunstraum Walcheturm Z\u00fcrich, einem Raum voll von \u00abMush\u00bb, in dem wir auf der Schwelle zwischen Sicht- und Unsichtbarem, Form und Formlosen neue Perspektiven erschliessen, kuratiert von Wailea Z\u00fclch und Sebastian Brunner.<\/p>\n<p><strong>Kunstraum Walcheturm<br \/>\nKanonengasse 20<br \/>\n8004 Z\u00fcrich<\/strong><\/p>\n<p><a href=\"https:\/\/eventfrog.ch\/de\/p\/konzert\/weitere-musikrichtungen\/mushroom-winter-edition-2026-7412877019715768631.html\" target=\"_blank\" rel=\"noopener\">&gt; Tickets<\/a><br \/>\n<a href=\"https:\/\/www.walcheturm.ch\/agenda\/mushroom-winterfestival\/\" target=\"_blank\" rel=\"noopener\">&gt; MushRoom @ Kunstraum Walcheturm<\/a><br \/>\n<a href=\"https:\/\/www.instagram.com\/mush_room_zurich\/\" target=\"_blank\" rel=\"noopener\">&gt; MushRoom\/Instagram<\/a><br \/>\n<a href=\"https:\/\/www.desireechristinaschmid.ch\/\" target=\"_blank\" rel=\"noopener\">&gt; D\u00e9sir\u00e9e Christina Schmid<\/a><br \/>\n<a href=\"https:\/\/www.linkedin.com\/in\/benjamin-stucky-226102177\/\" target=\"_blank\" rel=\"noopener\">&gt; Dr. Benjamin Stucky<\/a>[\/vc_column_text][\/vc_column][vc_column width=&#8220;1\/4&#8243;][vc_column_text css=&#8220;.vc_custom_1769817401338{margin-bottom: 10px !important;}&#8220;]<strong>17.30-19 Uhr<\/strong>[\/vc_column_text][vc_column_text css=&#8220;&#8220;][\/vc_column_text][vc_column_text css=&#8220;.vc_custom_1769817393018{margin-right: 10px !important;padding-right: 10px !important;}&#8220;]<strong>Sound in Motion 11<\/strong><br \/>\nParcours mit f\u00fcnf Performances und einer Installation, mit unterschiedlichen k\u00fcnstlerischen Ans\u00e4tzen und technischen Konzepten f\u00fcr den Einbezug von <strong>bewegten Lautsprechern<\/strong> in verschiedenen R\u00e4umen. Die Bewegung eines Lautsprechers bricht seine traditionelle Rolle als unsichtbarer Schallwandler auf und macht ihn zum Mittelpunkt einer klang-r\u00e4umlichen Inszenierung. Unter anderem mit <strong>\u00abMeine Ruh\u2018 ist hin\u00bb<\/strong> von Peter F\u00e4rber und Kornelia Bruggmann.<\/p>\n<p><strong>ZHdK Toni-Areal<br \/>\nKonzertsaal 1, Ebene 7<br \/>\nPfingstweidstrasse 96<br \/>\n8005 Z\u00fcrich<\/strong><\/p>\n<p><a href=\"https:\/\/www.zhdk.ch\/veranstaltung\/60379\" target=\"_blank\" rel=\"noopener\">&gt; ZHdK Veranstaltungshinweis<\/a><br \/>\n<a href=\"https:\/\/blog.zhdk.ch\/soundinmotion\/\" target=\"_blank\" rel=\"noopener\">&gt; ZHdK Forschungsprojekt \u00abSound in Motion\u00bb<\/a><br \/>\n<a href=\"https:\/\/www.zhdk.ch\/person\/peter-faerber-150856\" target=\"_blank\" rel=\"noopener\">&gt; Peter F\u00e4rber<\/a><br \/>\n<a href=\"https:\/\/korneliabruggmann.ch\/\" target=\"_blank\" rel=\"noopener\">&gt; Kornelia Bruggmann<\/a>[\/vc_column_text][\/vc_column][vc_column width=&#8220;1\/4&#8243;][vc_column_text css=&#8220;.vc_custom_1769817436687{margin-bottom: 10px !important;}&#8220;]<strong>20-22 Uhr<\/strong>[\/vc_column_text][vc_column_text css=&#8220;&#8220;][\/vc_column_text][vc_column_text css=&#8220;.vc_custom_1769817428758{margin-right: 10px !important;padding-right: 10px !important;}&#8220;]<strong>Happy Dumplings und so&#8230;<\/strong><br \/>\nLet\u2019s have Dinner, bevor Adam und Eva sich gute Nacht sagen.<br \/>\nL\u00c8 Cuisine empf\u00e4ngt uns with a big smile! Das Wort \u00abL\u00c8\u00bb oder \u00ab\u4e50\u00bb in Chinesisch bedeutet Freude. We are thrilled to share happiness with you.<\/p>\n<p><strong>Restaurant<br \/>\nL\u00c8 Cuisine &amp; JiaoZi<\/strong><br \/>\n<strong>Neugasse 41<\/strong><br \/>\n<strong>8005 Z\u00fcrich<\/strong><\/p>\n<p><a href=\"https:\/\/www.lecuisine.ch\/\" target=\"_blank\" rel=\"noopener\">&gt; Restaurant L\u00c8 Cuisine<\/a>[\/vc_column_text][\/vc_column][\/vc_row][vc_row][vc_column width=&#8220;2\/12&#8243;][\/vc_column][vc_column width=&#8220;4\/12&#8243;][\/vc_column][vc_column width=&#8220;1\/12&#8243;][\/vc_column][vc_column width=&#8220;4\/12&#8243;][vc_empty_space height=&#8220;62px&#8220;][vc_column_text css=&#8220;&#8220;]Save the next Dates:<\/p>\n<p><strong>Mo 23. M\u00e4rz 2026, Aarau+Z\u00fcrich<\/strong><br \/>\nMehr Licht, Aargauer Kunsthaus<br \/>\nAfter the Algorithm Festival, Z\u00fcrich<\/p>\n<p><strong>Sa 11. April 2026, Wildhaus<\/strong><br \/>\nEchostern vom Schwendisee Workshop, Wildhaus<br \/>\nMarina Abramovic Intervention Cards<\/p>\n<p><strong>Do\/Fr 23.\/24. April 2026<\/strong><br \/>\nRendez-vous mit Platzhalter<br \/>\nSanti &amp; Tug\u0306\u00e7e on stage<br \/>\n.. und gem\u00fctlich akustisch beim Lagerfeuer-Brunch<\/p>\n<p><em>\u00c4nderungen vorbehalten<\/em>[\/vc_column_text][vc_empty_space height=&#8220;62px&#8220;][\/vc_column][vc_column width=&#8220;1\/12&#8243;][\/vc_column][\/vc_row][vc_row][vc_column][vc_empty_space height=&#8220;62px&#8220;][\/vc_column][\/vc_row]<\/p>\n<\/div>","protected":false},"excerpt":{"rendered":"<p>[vc_row][vc_column][vc_empty_space][\/vc_column][\/vc_row][vc_row][vc_column width=&#8220;2\/12&#8243;][\/vc_column][vc_column width=&#8220;8\/12&#8243;][vc_column_text css=&#8220;&#8220;] Zur Verdichtung des Raums [\/vc_column_text][vc_empty_space height=&#8220;42px&#8220;][\/vc_column][vc_column width=&#8220;2\/12&#8243;][\/vc_column][\/vc_row][vc_row][vc_column width=&#8220;2\/12&#8243;][\/vc_column][vc_column width=&#8220;3\/12&#8243;][vc_empty_space height=&#8220;92px&#8220;][vc_column_text css=&#8220;&#8220;] &lt;spacer&gt; ist ein Platzhalter ein unsichtbarer Pixel ein Leerschlag MA \u9593 [\/vc_column_text][\/vc_column][vc_column width=&#8220;7\/12&#8243;][vc_single_image image=&#8220;831&#8243; img_size=&#8220;full&#8220; css=&#8220;.vc_custom_1769818292293{margin-bottom: 10px !important;}&#8220;][\/vc_column][\/vc_row][vc_row][vc_column width=&#8220;2\/12&#8243;][\/vc_column][vc_column width=&#8220;4\/12&#8243;][vc_column_text css=&#8220;&#8220;]Und f\u00fcr uns: eine Reihe von Happenings, bei der wir Leere f\u00fcr einmal nicht als stille Pause nehmen, sondern in&hellip;<\/p>\n","protected":false},"author":1,"featured_media":831,"parent":0,"menu_order":0,"comment_status":"closed","ping_status":"closed","template":"","meta":{"_acf_changed":false,"footnotes":""},"class_list":["post-825","page","type-page","status-publish","has-post-thumbnail","hentry"],"acf":[],"_links":{"self":[{"href":"https:\/\/festivitas.space\/ship\/wp-json\/wp\/v2\/pages\/825","targetHints":{"allow":["GET"]}}],"collection":[{"href":"https:\/\/festivitas.space\/ship\/wp-json\/wp\/v2\/pages"}],"about":[{"href":"https:\/\/festivitas.space\/ship\/wp-json\/wp\/v2\/types\/page"}],"author":[{"embeddable":true,"href":"https:\/\/festivitas.space\/ship\/wp-json\/wp\/v2\/users\/1"}],"replies":[{"embeddable":true,"href":"https:\/\/festivitas.space\/ship\/wp-json\/wp\/v2\/comments?post=825"}],"version-history":[{"count":113,"href":"https:\/\/festivitas.space\/ship\/wp-json\/wp\/v2\/pages\/825\/revisions"}],"predecessor-version":[{"id":1023,"href":"https:\/\/festivitas.space\/ship\/wp-json\/wp\/v2\/pages\/825\/revisions\/1023"}],"wp:featuredmedia":[{"embeddable":true,"href":"https:\/\/festivitas.space\/ship\/wp-json\/wp\/v2\/media\/831"}],"wp:attachment":[{"href":"https:\/\/festivitas.space\/ship\/wp-json\/wp\/v2\/media?parent=825"}],"curies":[{"name":"wp","href":"https:\/\/api.w.org\/{rel}","templated":true}]}}